{"id":1266,"date":"2025-04-10T11:05:04","date_gmt":"2025-04-10T15:05:25","guid":{"rendered":"https:\/\/guide.cophan.org\/a-propos-du-guide\/credits-et-remerciements\/"},"modified":"2025-07-03T14:58:57","modified_gmt":"2025-07-03T18:58:57","slug":"acknowledgments","status":"publish","type":"page","link":"https:\/\/guide.cophan.org\/en\/about-the-guide\/acknowledgments\/","title":{"rendered":"Acknowledgments"},"content":{"rendered":"\r\n\r\n<section class=\"container-eklo has-background has-orange-light-background-color has-text-color has-black-color wp-elements-1800495f826f1e80042929267ac4e42a\">\r\n    <div class=\"deco-circle custom-spacing\">\r\n        <svg width=\"233\" height=\"384\" viewBox=\"0 0 233 384\" fill=\"none\" xmlns=\"http:\/\/www.w3.org\/2000\/svg\">\r\n            <g clip-path=\"url(#clip0_59_24)\">\r\n                <path fill-rule=\"evenodd\" clip-rule=\"evenodd\" d=\"M371 105.931C400.271 105.931 424 82.2176 424 52.9655C424 23.7135 400.271 0 371 0C341.729 0 318 23.7135 318 52.9655C318 82.2176 341.729 105.931 371 105.931ZM278.25 59.5862C278.25 85.1818 257.487 105.931 231.875 105.931C206.263 105.931 185.5 85.1818 185.5 59.5862C185.5 33.9907 206.263 13.2414 231.875 13.2414C257.487 13.2414 278.25 33.9907 278.25 59.5862ZM112.625 92.6906C130.919 92.6906 145.75 77.8696 145.75 59.5871C145.75 41.3046 130.919 26.4837 112.625 26.4837C94.3306 26.4837 79.5 41.3046 79.5 59.5871C79.5 77.8696 94.3306 92.6906 112.625 92.6906ZM19.875 79.4478C30.8517 79.4478 39.75 70.5552 39.75 59.5857C39.75 48.6162 30.8517 39.7236 19.875 39.7236C8.89834 39.7236 0 48.6162 0 59.5857C0 70.5552 8.89834 79.4478 19.875 79.4478ZM39.75 192C39.75 202.97 30.8517 211.862 19.875 211.862C8.89834 211.862 0 202.97 0 192C0 181.03 8.89834 172.138 19.875 172.138C30.8517 172.138 39.75 181.03 39.75 192ZM112.625 225.103C130.919 225.103 145.75 210.283 145.75 192C145.75 173.717 130.919 158.897 112.625 158.897C94.3306 158.897 79.5 173.717 79.5 192C79.5 210.283 94.3306 225.103 112.625 225.103ZM278.25 191.999C278.25 217.595 257.487 238.344 231.875 238.344C206.263 238.344 185.5 217.595 185.5 191.999C185.5 166.404 206.263 145.655 231.875 145.655C257.487 145.655 278.25 166.404 278.25 191.999ZM371 238.346C400.271 238.346 424 214.632 424 185.38C424 156.128 400.271 132.415 371 132.415C341.729 132.415 318 156.128 318 185.38C318 214.632 341.729 238.346 371 238.346ZM39.75 337.655C39.75 348.625 30.8517 357.517 19.875 357.517C8.89834 357.517 0 348.625 0 337.655C0 326.686 8.89834 317.793 19.875 317.793C30.8517 317.793 39.75 326.686 39.75 337.655ZM112.625 370.758C130.919 370.758 145.75 355.937 145.75 337.654C145.75 319.372 130.919 304.551 112.625 304.551C94.3306 304.551 79.5 319.372 79.5 337.654C79.5 355.937 94.3306 370.758 112.625 370.758ZM278.25 337.656C278.25 363.251 257.487 384.001 231.875 384.001C206.263 384.001 185.5 363.251 185.5 337.656C185.5 312.06 206.263 291.311 231.875 291.311C257.487 291.311 278.25 312.06 278.25 337.656ZM371 384C400.271 384 424 360.287 424 331.034C424 301.782 400.271 278.069 371 278.069C341.729 278.069 318 301.782 318 331.034C318 360.287 341.729 384 371 384Z\" fill=\"#008FFF\"\/>\r\n            <\/g>\r\n            <defs>\r\n                <clipPath id=\"clip0_59_24\">\r\n                    <rect width=\"233\" height=\"384\" fill=\"white\"\/>\r\n                <\/clipPath>\r\n            <\/defs>\r\n        <\/svg>\r\n    <\/div>\r\n    <div class=\"container\">\r\n        <!--\r\n       <div class=\"contrainer-title\">\r\n           <h2><\/h2>\r\n       <\/div>\r\n       -->        <div class=\"container-eklo-content\">\r\n            <div class=\"acf-innerblocks-container\">\n\n<p>Our warmest thanks are extended to Ms. S\u00e9verine De Sensi and to Mr. Andr\u00e9 Pr\u00e9vost for their commitment in formulating and tracking the grant application with the Social Development Partnerships Program \u2013 \u201cDisability\u201d Component.<\/p>\n\n\n\n<p>The COPHAN is grateful for the grant awarded by Employment and Social Development Canada, which made possible the creation of this Guide to Universal Accessibility.<\/p>\n\n\n\n<p>The COPHAN also would like to thank Mr. Fran\u00e7ois Bernier, of HorizonB2B, chairman of the project\u2019s steering committee, as well as all of the members of the committee:<\/p>\n\n\n\n<ul class=\"wp-block-list is-style-list-check\">\n<li>Mr. Paul Lupien, Chairman of the Board of Directors of COPHAN;<\/li>\n\n\n\n<li>Mme Line Laforest, Association du Syndrome de Usher du Qu\u00e9bec (ASUQ);<\/li>\n\n\n\n<li>Mme Lucie Nault, R\u00e9seau qu\u00e9b\u00e9cois pour l\u2019inclusion sociale des personnes sourdes et malentendantes (ReQIS);<\/li>\n\n\n\n<li>Mme Sergeline Isidore, Mon bras droit \u00e9duc (MBDE);<\/li>\n\n\n\n<li>Mme Christelle Montreuil, Id\u00e9aux, consultation on inclusive design and universal accessibility;<\/li>\n\n\n\n<li>Mme Julie-Anne Perreault, universal accessibility consultant;<\/li>\n\n\n\n<li>M. Dominique Salgado, Comit\u00e9 d\u2019action des personnes vivant des situations de handicap (CAPVISH);<\/li>\n\n\n\n<li>M. Pierre-\u00c9tienne Gendron-Landry, Soci\u00e9t\u00e9 Logique.<\/li>\n<\/ul>\n\n\n\n<p>We also thank the many organizations and people who contributed to the preparation of this guide.<\/p>\n\n\n\n<ul class=\"wp-block-list\">\n<li><strong>Supervision<\/strong> : Andr\u00e9 Pr\u00e9vost, COPHAN<\/li>\n\n\n\n<li><strong>Coordination<\/strong> : Mathieu No\u00ebl, COPHAN<\/li>\n\n\n\n<li><strong>Revision<\/strong> : Roxanne Laberge, Studio Virtuose<\/li>\n\n\n\n<li><strong>Layout<\/strong> : Lacroix relations publiques<\/li>\n\n\n\n<li><strong>Web<\/strong> : <a href=\"https:\/\/ekloweb.com\" target=\"_blank\" rel=\"noreferrer noopener nofollow\">Ekloweb<\/a><\/li>\n<\/ul>\n\n\n\n<p>On June 14, 2024, the process surrounding the creation of this guide was presented at a meeting with the members and partners of the COPHAN. Thirty people from 19 different organizations took part in the discussion. We thank them most sincerely for their involvement.<\/p>\n\n\n\n<p>Moreover, 40 people from 31 different organizations (listed in Appendix ___) participated, directly or indirectly, in developing this guide. The COPHAN is deeply grateful for their contribution.<\/p>\n\n<\/div>\r\n        <\/div>\r\n    <\/div>\r\n    <div class=\"border-container\"><\/div>\r\n<\/section>\r\n\r\n\r\n\r\n<section class=\"container-eklo has-background has-white-background-color has-text-color has-black-color wp-elements-d233b1fd78cb24984000b40a7508aae1\">\r\n    <div class=\"deco-circle custom-spacing\">\r\n        <svg width=\"233\" height=\"384\" viewBox=\"0 0 233 384\" fill=\"none\" xmlns=\"http:\/\/www.w3.org\/2000\/svg\">\r\n            <g clip-path=\"url(#clip0_59_24)\">\r\n                <path fill-rule=\"evenodd\" clip-rule=\"evenodd\" d=\"M371 105.931C400.271 105.931 424 82.2176 424 52.9655C424 23.7135 400.271 0 371 0C341.729 0 318 23.7135 318 52.9655C318 82.2176 341.729 105.931 371 105.931ZM278.25 59.5862C278.25 85.1818 257.487 105.931 231.875 105.931C206.263 105.931 185.5 85.1818 185.5 59.5862C185.5 33.9907 206.263 13.2414 231.875 13.2414C257.487 13.2414 278.25 33.9907 278.25 59.5862ZM112.625 92.6906C130.919 92.6906 145.75 77.8696 145.75 59.5871C145.75 41.3046 130.919 26.4837 112.625 26.4837C94.3306 26.4837 79.5 41.3046 79.5 59.5871C79.5 77.8696 94.3306 92.6906 112.625 92.6906ZM19.875 79.4478C30.8517 79.4478 39.75 70.5552 39.75 59.5857C39.75 48.6162 30.8517 39.7236 19.875 39.7236C8.89834 39.7236 0 48.6162 0 59.5857C0 70.5552 8.89834 79.4478 19.875 79.4478ZM39.75 192C39.75 202.97 30.8517 211.862 19.875 211.862C8.89834 211.862 0 202.97 0 192C0 181.03 8.89834 172.138 19.875 172.138C30.8517 172.138 39.75 181.03 39.75 192ZM112.625 225.103C130.919 225.103 145.75 210.283 145.75 192C145.75 173.717 130.919 158.897 112.625 158.897C94.3306 158.897 79.5 173.717 79.5 192C79.5 210.283 94.3306 225.103 112.625 225.103ZM278.25 191.999C278.25 217.595 257.487 238.344 231.875 238.344C206.263 238.344 185.5 217.595 185.5 191.999C185.5 166.404 206.263 145.655 231.875 145.655C257.487 145.655 278.25 166.404 278.25 191.999ZM371 238.346C400.271 238.346 424 214.632 424 185.38C424 156.128 400.271 132.415 371 132.415C341.729 132.415 318 156.128 318 185.38C318 214.632 341.729 238.346 371 238.346ZM39.75 337.655C39.75 348.625 30.8517 357.517 19.875 357.517C8.89834 357.517 0 348.625 0 337.655C0 326.686 8.89834 317.793 19.875 317.793C30.8517 317.793 39.75 326.686 39.75 337.655ZM112.625 370.758C130.919 370.758 145.75 355.937 145.75 337.654C145.75 319.372 130.919 304.551 112.625 304.551C94.3306 304.551 79.5 319.372 79.5 337.654C79.5 355.937 94.3306 370.758 112.625 370.758ZM278.25 337.656C278.25 363.251 257.487 384.001 231.875 384.001C206.263 384.001 185.5 363.251 185.5 337.656C185.5 312.06 206.263 291.311 231.875 291.311C257.487 291.311 278.25 312.06 278.25 337.656ZM371 384C400.271 384 424 360.287 424 331.034C424 301.782 400.271 278.069 371 278.069C341.729 278.069 318 301.782 318 331.034C318 360.287 341.729 384 371 384Z\" fill=\"#008FFF\"\/>\r\n            <\/g>\r\n            <defs>\r\n                <clipPath id=\"clip0_59_24\">\r\n                    <rect width=\"233\" height=\"384\" fill=\"white\"\/>\r\n                <\/clipPath>\r\n            <\/defs>\r\n        <\/svg>\r\n    <\/div>\r\n    <div class=\"container\">\r\n        <!--\r\n       <div class=\"contrainer-title\">\r\n           <h2><\/h2>\r\n       <\/div>\r\n       -->        <div class=\"container-eklo-content\">\r\n            <div class=\"acf-innerblocks-container\">\n\n<h2 class=\"wp-block-heading\">List of people who contributed to the guide<\/h2>\n\n\n\n<ol start=\"1\" class=\"wp-block-list\">\n<li>Andr\u00e9 Pr\u00e9vost, COPHAN<\/li>\n\n\n\n<li>Paul Lupien, COPHAN<\/li>\n\n\n\n<li>S\u00e9verine De Sensi, COPHAN<\/li>\n\n\n\n<li>St\u00e9phane Lacroix, Lacroix Public relations<\/li>\n\n\n\n<li>Mathieu No\u00ebl, COPHAN<\/li>\n\n\n\n<li>Roxane Laberge, Studio Virtuose<\/li>\n\n\n\n<li>Fran\u00e7ois Bernier, Horizon B2B<\/li>\n\n\n\n<li>Line Laforest, ASUQ<\/li>\n\n\n\n<li>Lucie Nault, ReQIS<\/li>\n\n\n\n<li>Sergeline Isidore, MBDE<\/li>\n\n\n\n<li>Christelle Montreuil, Id\u00e9aux, inclusive design consulting, and universal accessibility<\/li>\n\n\n\n<li>Julie-Anne Perreault, Experte conseil en accessibilit\u00e9 universelle<\/li>\n\n\n\n<li>Dominique Salgado, CAPVISH<\/li>\n\n\n\n<li>Paul Lupien, IN\u00c9\u00c9I-PSH<\/li>\n\n\n\n<li>Pierre-\u00c9tienne Gendron-Landry, Soci\u00e9t\u00e9 Logique<\/li>\n\n\n\n<li>Sophie Lanct\u00f4t, Soci\u00e9t\u00e9 Logique<\/li>\n\n\n\n<li>Aur\u00e9lia Fleury, AQLPH<\/li>\n\n\n\n<li>Alexandra Gilbert, AQLPH<\/li>\n\n\n\n<li>Marie-Claude L\u00e9pine, Promo-Acc\u00e8s<\/li>\n\n\n\n<li>S\u00e9bastien Moisan, FMPDAQ<\/li>\n\n\n\n<li>Anne Pelletier, D\u00e9Phy Montr\u00e9al<\/li>\n\n\n\n<li>Sandrina Adam, COSME<\/li>\n\n\n\n<li>Julie Boisvert CQEA<\/li>\n\n\n\n<li>Pascale Chanoux, CCPH<\/li>\n\n\n\n<li>Chlo\u00e9 Freslon, URelles<\/li>\n\n\n\n<li>Evelyn McDuff<\/li>\n\n\n\n<li>Christine Morin<\/li>\n\n\n\n<li>Alexandra Bustillo, AMEIPH<\/li>\n\n\n\n<li>Oanh Nguyen, AlterGo<\/li>\n\n\n\n<li>Benoit Racette<\/li>\n\n\n\n<li>Rohini Perris, ASEQ-EHAQ<\/li>\n\n\n\n<li>Michel Gaudet, ASEQ-EHAQ<\/li>\n\n\n\n<li>K\u00e9roul<\/li>\n\n\n\n<li>Serge Poulin, RUTA de Montr\u00e9al<\/li>\n\n\n\n<li>Martin Richer, RUTADP<\/li>\n\n\n\n<li>Mohamed Reda Khomsi, ESG UQAM<\/li>\n\n\n\n<li>Irini Blais, Conseill\u00e8re en am\u00e9nagements neuro-inclusifs<\/li>\n\n\n\n<li>Selma Kouidri, IN\u00c9\u00c9I-PSH<\/li>\n\n\n\n<li>H\u00e9l\u00e8ne Rapanakis, IN\u00c9\u00c9I-PSH<\/li>\n\n\n\n<li>Sarah Butshinke Kazadi, IN\u00c9\u00c9I-PSH<\/li>\n\n\n\n<li><a href=\"https:\/\/ekloweb.com\" target=\"_blank\" rel=\"noreferrer noopener nofollow\">Ekloweb<\/a><\/li>\n\n\n\n<li>Keleny Interpr\u00e9tation<\/li>\n<\/ol>\n\n\n<div class=\"highlight-box\">\r\n    <div class=\"acf-innerblocks-container\">\n\n<p>40 people from 31 different organizations.<\/p>\n\n<\/div>\r\n<\/div>\r\n\n<\/div>\r\n        <\/div>\r\n    <\/div>\r\n    <div class=\"border-container\"><\/div>\r\n<\/section>\r\n\r\n","protected":false},"excerpt":{"rendered":"<p>Our warmest thanks are extended to Ms. S\u00e9verine De Sensi and to Mr. Andr\u00e9 Pr\u00e9vost for their commitment in formulating and tracking the grant application with the Social Development Partnerships Program \u2013 \u201cDisability\u201d Component. The COPHAN is grateful for the...<br \/><a href=\"https:\/\/guide.cophan.org\/en\/about-the-guide\/acknowledgments\/\" class=\"btn\">Read more <span class=\"sr-only\">about Acknowledgments<\/span><\/a><\/p>","protected":false},"author":1,"featured_media":1267,"parent":1146,"menu_order":2,"comment_status":"closed","ping_status":"closed","template":"","meta":{"_acf_changed":false,"footnotes":""},"class_list":["post-1266","page","type-page","status-publish","has-post-thumbnail","hentry"],"acf":[],"yoast_head":"<!-- This site is optimized with the Yoast SEO plugin v26.2 - https:\/\/yoast.com\/wordpress\/plugins\/seo\/ -->\n<title>Acknowledgments - Universal Accessibility Guide<\/title>\n<meta name=\"robots\" content=\"index, follow, max-snippet:-1, max-image-preview:large, max-video-preview:-1\" \/>\n<link rel=\"canonical\" href=\"https:\/\/guide.cophan.org\/en\/about-the-guide\/acknowledgments\/\" \/>\n<meta property=\"og:locale\" content=\"en_US\" \/>\n<meta property=\"og:type\" content=\"article\" \/>\n<meta property=\"og:title\" content=\"Acknowledgments - Universal Accessibility Guide\" \/>\n<meta property=\"og:url\" content=\"https:\/\/guide.cophan.org\/en\/about-the-guide\/acknowledgments\/\" \/>\n<meta property=\"og:site_name\" content=\"Universal Accessibility Guide\" \/>\n<meta property=\"article:publisher\" content=\"https:\/\/www.facebook.com\/cophanqc\/\" \/>\n<meta property=\"article:modified_time\" content=\"2025-07-03T18:58:57+00:00\" \/>\n<meta property=\"og:image\" content=\"https:\/\/guide.cophan.org\/wp-content\/uploads\/2025\/04\/remerciement.png\" \/>\n\t<meta property=\"og:image:width\" content=\"1024\" \/>\n\t<meta property=\"og:image:height\" content=\"1024\" \/>\n\t<meta property=\"og:image:type\" content=\"image\/png\" \/>\n<meta name=\"twitter:card\" content=\"summary_large_image\" \/>\n<meta name=\"twitter:label1\" content=\"Est. reading time\" \/>\n\t<meta name=\"twitter:data1\" content=\"2 minutes\" \/>\n<script type=\"application\/ld+json\" class=\"yoast-schema-graph\">{\"@context\":\"https:\/\/schema.org\",\"@graph\":[{\"@type\":\"WebPage\",\"@id\":\"https:\/\/guide.cophan.org\/en\/about-the-guide\/acknowledgments\/\",\"url\":\"https:\/\/guide.cophan.org\/en\/about-the-guide\/acknowledgments\/\",\"name\":\"Acknowledgments - Universal Accessibility Guide\",\"isPartOf\":{\"@id\":\"https:\/\/guide.cophan.org\/en\/#website\"},\"primaryImageOfPage\":{\"@id\":\"https:\/\/guide.cophan.org\/en\/about-the-guide\/acknowledgments\/#primaryimage\"},\"image\":{\"@id\":\"https:\/\/guide.cophan.org\/en\/about-the-guide\/acknowledgments\/#primaryimage\"},\"thumbnailUrl\":\"https:\/\/guide.cophan.org\/wp-content\/uploads\/2025\/04\/remerciement.png\",\"datePublished\":\"2025-04-10T15:05:25+00:00\",\"dateModified\":\"2025-07-03T18:58:57+00:00\",\"breadcrumb\":{\"@id\":\"https:\/\/guide.cophan.org\/en\/about-the-guide\/acknowledgments\/#breadcrumb\"},\"inLanguage\":\"en-US\",\"potentialAction\":[{\"@type\":\"ReadAction\",\"target\":[\"https:\/\/guide.cophan.org\/en\/about-the-guide\/acknowledgments\/\"]}]},{\"@type\":\"ImageObject\",\"inLanguage\":\"en-US\",\"@id\":\"https:\/\/guide.cophan.org\/en\/about-the-guide\/acknowledgments\/#primaryimage\",\"url\":\"https:\/\/guide.cophan.org\/wp-content\/uploads\/2025\/04\/remerciement.png\",\"contentUrl\":\"https:\/\/guide.cophan.org\/wp-content\/uploads\/2025\/04\/remerciement.png\",\"width\":1024,\"height\":1024},{\"@type\":\"BreadcrumbList\",\"@id\":\"https:\/\/guide.cophan.org\/en\/about-the-guide\/acknowledgments\/#breadcrumb\",\"itemListElement\":[{\"@type\":\"ListItem\",\"position\":1,\"name\":\"accueil\",\"item\":\"https:\/\/guide.cophan.org\/en\/\"},{\"@type\":\"ListItem\",\"position\":2,\"name\":\"About the guide\",\"item\":\"https:\/\/guide.cophan.org\/en\/about-the-guide\/\"},{\"@type\":\"ListItem\",\"position\":3,\"name\":\"Acknowledgments\"}]},{\"@type\":\"WebSite\",\"@id\":\"https:\/\/guide.cophan.org\/en\/#website\",\"url\":\"https:\/\/guide.cophan.org\/en\/\",\"name\":\"Guide sur l'Accessibilit\u00e9 Universelle\",\"description\":\"COPHAN\",\"publisher\":{\"@id\":\"https:\/\/guide.cophan.org\/en\/#organization\"},\"potentialAction\":[{\"@type\":\"SearchAction\",\"target\":{\"@type\":\"EntryPoint\",\"urlTemplate\":\"https:\/\/guide.cophan.org\/en\/?s={search_term_string}\"},\"query-input\":{\"@type\":\"PropertyValueSpecification\",\"valueRequired\":true,\"valueName\":\"search_term_string\"}}],\"inLanguage\":\"en-US\"},{\"@type\":\"Organization\",\"@id\":\"https:\/\/guide.cophan.org\/en\/#organization\",\"name\":\"COPHAN\",\"url\":\"https:\/\/guide.cophan.org\/en\/\",\"logo\":{\"@type\":\"ImageObject\",\"inLanguage\":\"en-US\",\"@id\":\"https:\/\/guide.cophan.org\/en\/#\/schema\/logo\/image\/\",\"url\":\"https:\/\/guide.cophan.org\/wp-content\/uploads\/2025\/04\/cover-mockup-blue.png\",\"contentUrl\":\"https:\/\/guide.cophan.org\/wp-content\/uploads\/2025\/04\/cover-mockup-blue.png\",\"width\":1200,\"height\":1119,\"caption\":\"COPHAN\"},\"image\":{\"@id\":\"https:\/\/guide.cophan.org\/en\/#\/schema\/logo\/image\/\"},\"sameAs\":[\"https:\/\/www.facebook.com\/cophanqc\/\"]}]}<\/script>\n<!-- \/ Yoast SEO plugin. -->","yoast_head_json":{"title":"Acknowledgments - Universal Accessibility Guide","robots":{"index":"index","follow":"follow","max-snippet":"max-snippet:-1","max-image-preview":"max-image-preview:large","max-video-preview":"max-video-preview:-1"},"canonical":"https:\/\/guide.cophan.org\/en\/about-the-guide\/acknowledgments\/","og_locale":"en_US","og_type":"article","og_title":"Acknowledgments - Universal Accessibility Guide","og_url":"https:\/\/guide.cophan.org\/en\/about-the-guide\/acknowledgments\/","og_site_name":"Universal Accessibility Guide","article_publisher":"https:\/\/www.facebook.com\/cophanqc\/","article_modified_time":"2025-07-03T18:58:57+00:00","og_image":[{"width":1024,"height":1024,"url":"https:\/\/guide.cophan.org\/wp-content\/uploads\/2025\/04\/remerciement.png","type":"image\/png"}],"twitter_card":"summary_large_image","twitter_misc":{"Est. reading time":"2 minutes"},"schema":{"@context":"https:\/\/schema.org","@graph":[{"@type":"WebPage","@id":"https:\/\/guide.cophan.org\/en\/about-the-guide\/acknowledgments\/","url":"https:\/\/guide.cophan.org\/en\/about-the-guide\/acknowledgments\/","name":"Acknowledgments - Universal Accessibility Guide","isPartOf":{"@id":"https:\/\/guide.cophan.org\/en\/#website"},"primaryImageOfPage":{"@id":"https:\/\/guide.cophan.org\/en\/about-the-guide\/acknowledgments\/#primaryimage"},"image":{"@id":"https:\/\/guide.cophan.org\/en\/about-the-guide\/acknowledgments\/#primaryimage"},"thumbnailUrl":"https:\/\/guide.cophan.org\/wp-content\/uploads\/2025\/04\/remerciement.png","datePublished":"2025-04-10T15:05:25+00:00","dateModified":"2025-07-03T18:58:57+00:00","breadcrumb":{"@id":"https:\/\/guide.cophan.org\/en\/about-the-guide\/acknowledgments\/#breadcrumb"},"inLanguage":"en-US","potentialAction":[{"@type":"ReadAction","target":["https:\/\/guide.cophan.org\/en\/about-the-guide\/acknowledgments\/"]}]},{"@type":"ImageObject","inLanguage":"en-US","@id":"https:\/\/guide.cophan.org\/en\/about-the-guide\/acknowledgments\/#primaryimage","url":"https:\/\/guide.cophan.org\/wp-content\/uploads\/2025\/04\/remerciement.png","contentUrl":"https:\/\/guide.cophan.org\/wp-content\/uploads\/2025\/04\/remerciement.png","width":1024,"height":1024},{"@type":"BreadcrumbList","@id":"https:\/\/guide.cophan.org\/en\/about-the-guide\/acknowledgments\/#breadcrumb","itemListElement":[{"@type":"ListItem","position":1,"name":"accueil","item":"https:\/\/guide.cophan.org\/en\/"},{"@type":"ListItem","position":2,"name":"About the guide","item":"https:\/\/guide.cophan.org\/en\/about-the-guide\/"},{"@type":"ListItem","position":3,"name":"Acknowledgments"}]},{"@type":"WebSite","@id":"https:\/\/guide.cophan.org\/en\/#website","url":"https:\/\/guide.cophan.org\/en\/","name":"Guide sur l'Accessibilit\u00e9 Universelle","description":"COPHAN","publisher":{"@id":"https:\/\/guide.cophan.org\/en\/#organization"},"potentialAction":[{"@type":"SearchAction","target":{"@type":"EntryPoint","urlTemplate":"https:\/\/guide.cophan.org\/en\/?s={search_term_string}"},"query-input":{"@type":"PropertyValueSpecification","valueRequired":true,"valueName":"search_term_string"}}],"inLanguage":"en-US"},{"@type":"Organization","@id":"https:\/\/guide.cophan.org\/en\/#organization","name":"COPHAN","url":"https:\/\/guide.cophan.org\/en\/","logo":{"@type":"ImageObject","inLanguage":"en-US","@id":"https:\/\/guide.cophan.org\/en\/#\/schema\/logo\/image\/","url":"https:\/\/guide.cophan.org\/wp-content\/uploads\/2025\/04\/cover-mockup-blue.png","contentUrl":"https:\/\/guide.cophan.org\/wp-content\/uploads\/2025\/04\/cover-mockup-blue.png","width":1200,"height":1119,"caption":"COPHAN"},"image":{"@id":"https:\/\/guide.cophan.org\/en\/#\/schema\/logo\/image\/"},"sameAs":["https:\/\/www.facebook.com\/cophanqc\/"]}]}},"_links":{"self":[{"href":"https:\/\/guide.cophan.org\/en\/wp-json\/wp\/v2\/pages\/1266","targetHints":{"allow":["GET"]}}],"collection":[{"href":"https:\/\/guide.cophan.org\/en\/wp-json\/wp\/v2\/pages"}],"about":[{"href":"https:\/\/guide.cophan.org\/en\/wp-json\/wp\/v2\/types\/page"}],"author":[{"embeddable":true,"href":"https:\/\/guide.cophan.org\/en\/wp-json\/wp\/v2\/users\/1"}],"replies":[{"embeddable":true,"href":"https:\/\/guide.cophan.org\/en\/wp-json\/wp\/v2\/comments?post=1266"}],"version-history":[{"count":2,"href":"https:\/\/guide.cophan.org\/en\/wp-json\/wp\/v2\/pages\/1266\/revisions"}],"predecessor-version":[{"id":1269,"href":"https:\/\/guide.cophan.org\/en\/wp-json\/wp\/v2\/pages\/1266\/revisions\/1269"}],"up":[{"embeddable":true,"href":"https:\/\/guide.cophan.org\/en\/wp-json\/wp\/v2\/pages\/1146"}],"wp:featuredmedia":[{"embeddable":true,"href":"https:\/\/guide.cophan.org\/en\/wp-json\/wp\/v2\/media\/1267"}],"wp:attachment":[{"href":"https:\/\/guide.cophan.org\/en\/wp-json\/wp\/v2\/media?parent=1266"}],"curies":[{"name":"wp","href":"https:\/\/api.w.org\/{rel}","templated":true}]}}