{"id":1299,"date":"2025-04-11T11:22:49","date_gmt":"2025-04-11T15:22:02","guid":{"rendered":"https:\/\/guide.cophan.org\/resources-and-tools\/bonnes-pratiques-et-outils\/"},"modified":"2025-07-04T11:36:51","modified_gmt":"2025-07-04T15:36:51","slug":"good-practices-and-tools","status":"publish","type":"page","link":"https:\/\/guide.cophan.org\/en\/resources-and-tools\/good-practices-and-tools\/","title":{"rendered":"Good practices and tools"},"content":{"rendered":"\r\n\r\n<section class=\"container-eklo has-background has-white-background-color\">\r\n    <div class=\"deco-circle custom-spacing\">\r\n        <svg width=\"233\" height=\"384\" viewBox=\"0 0 233 384\" fill=\"none\" xmlns=\"http:\/\/www.w3.org\/2000\/svg\">\r\n            <g clip-path=\"url(#clip0_59_24)\">\r\n                <path fill-rule=\"evenodd\" clip-rule=\"evenodd\" d=\"M371 105.931C400.271 105.931 424 82.2176 424 52.9655C424 23.7135 400.271 0 371 0C341.729 0 318 23.7135 318 52.9655C318 82.2176 341.729 105.931 371 105.931ZM278.25 59.5862C278.25 85.1818 257.487 105.931 231.875 105.931C206.263 105.931 185.5 85.1818 185.5 59.5862C185.5 33.9907 206.263 13.2414 231.875 13.2414C257.487 13.2414 278.25 33.9907 278.25 59.5862ZM112.625 92.6906C130.919 92.6906 145.75 77.8696 145.75 59.5871C145.75 41.3046 130.919 26.4837 112.625 26.4837C94.3306 26.4837 79.5 41.3046 79.5 59.5871C79.5 77.8696 94.3306 92.6906 112.625 92.6906ZM19.875 79.4478C30.8517 79.4478 39.75 70.5552 39.75 59.5857C39.75 48.6162 30.8517 39.7236 19.875 39.7236C8.89834 39.7236 0 48.6162 0 59.5857C0 70.5552 8.89834 79.4478 19.875 79.4478ZM39.75 192C39.75 202.97 30.8517 211.862 19.875 211.862C8.89834 211.862 0 202.97 0 192C0 181.03 8.89834 172.138 19.875 172.138C30.8517 172.138 39.75 181.03 39.75 192ZM112.625 225.103C130.919 225.103 145.75 210.283 145.75 192C145.75 173.717 130.919 158.897 112.625 158.897C94.3306 158.897 79.5 173.717 79.5 192C79.5 210.283 94.3306 225.103 112.625 225.103ZM278.25 191.999C278.25 217.595 257.487 238.344 231.875 238.344C206.263 238.344 185.5 217.595 185.5 191.999C185.5 166.404 206.263 145.655 231.875 145.655C257.487 145.655 278.25 166.404 278.25 191.999ZM371 238.346C400.271 238.346 424 214.632 424 185.38C424 156.128 400.271 132.415 371 132.415C341.729 132.415 318 156.128 318 185.38C318 214.632 341.729 238.346 371 238.346ZM39.75 337.655C39.75 348.625 30.8517 357.517 19.875 357.517C8.89834 357.517 0 348.625 0 337.655C0 326.686 8.89834 317.793 19.875 317.793C30.8517 317.793 39.75 326.686 39.75 337.655ZM112.625 370.758C130.919 370.758 145.75 355.937 145.75 337.654C145.75 319.372 130.919 304.551 112.625 304.551C94.3306 304.551 79.5 319.372 79.5 337.654C79.5 355.937 94.3306 370.758 112.625 370.758ZM278.25 337.656C278.25 363.251 257.487 384.001 231.875 384.001C206.263 384.001 185.5 363.251 185.5 337.656C185.5 312.06 206.263 291.311 231.875 291.311C257.487 291.311 278.25 312.06 278.25 337.656ZM371 384C400.271 384 424 360.287 424 331.034C424 301.782 400.271 278.069 371 278.069C341.729 278.069 318 301.782 318 331.034C318 360.287 341.729 384 371 384Z\" fill=\"#008FFF\"\/>\r\n            <\/g>\r\n            <defs>\r\n                <clipPath id=\"clip0_59_24\">\r\n                    <rect width=\"233\" height=\"384\" fill=\"white\"\/>\r\n                <\/clipPath>\r\n            <\/defs>\r\n        <\/svg>\r\n    <\/div>\r\n    <div class=\"container\">\r\n        <!--\r\n       <div class=\"contrainer-title\">\r\n           <h2><\/h2>\r\n       <\/div>\r\n       -->        <div class=\"container-eklo-content\">\r\n            <div class=\"acf-innerblocks-container\">\n\n<p>Below are examples of good practices related to equity, diversity and inclusion (EDI), as well as tools for reflecting on your current practices. These resources are grouped into broad themes for easier consultation. Specific documents for researchers are also available on the <a href=\"https:\/\/edi.uqam.ca\/edi-en-recherche-et-en-creation\/pour-aller-plus-loin\/\" target=\"_blank\" rel=\"noreferrer noopener nofollow\">Pour aller plus loin<\/a>web page.  <\/p>\n\n<\/div>\r\n        <\/div>\r\n    <\/div>\r\n    <div class=\"border-container\"><\/div>\r\n<\/section>\r\n\r\n\r\n\r\n<section class=\"container-eklo\">\r\n    <div class=\"deco-circle custom-spacing\">\r\n        <svg width=\"233\" height=\"384\" viewBox=\"0 0 233 384\" fill=\"none\" xmlns=\"http:\/\/www.w3.org\/2000\/svg\">\r\n            <g clip-path=\"url(#clip0_59_24)\">\r\n                <path fill-rule=\"evenodd\" clip-rule=\"evenodd\" d=\"M371 105.931C400.271 105.931 424 82.2176 424 52.9655C424 23.7135 400.271 0 371 0C341.729 0 318 23.7135 318 52.9655C318 82.2176 341.729 105.931 371 105.931ZM278.25 59.5862C278.25 85.1818 257.487 105.931 231.875 105.931C206.263 105.931 185.5 85.1818 185.5 59.5862C185.5 33.9907 206.263 13.2414 231.875 13.2414C257.487 13.2414 278.25 33.9907 278.25 59.5862ZM112.625 92.6906C130.919 92.6906 145.75 77.8696 145.75 59.5871C145.75 41.3046 130.919 26.4837 112.625 26.4837C94.3306 26.4837 79.5 41.3046 79.5 59.5871C79.5 77.8696 94.3306 92.6906 112.625 92.6906ZM19.875 79.4478C30.8517 79.4478 39.75 70.5552 39.75 59.5857C39.75 48.6162 30.8517 39.7236 19.875 39.7236C8.89834 39.7236 0 48.6162 0 59.5857C0 70.5552 8.89834 79.4478 19.875 79.4478ZM39.75 192C39.75 202.97 30.8517 211.862 19.875 211.862C8.89834 211.862 0 202.97 0 192C0 181.03 8.89834 172.138 19.875 172.138C30.8517 172.138 39.75 181.03 39.75 192ZM112.625 225.103C130.919 225.103 145.75 210.283 145.75 192C145.75 173.717 130.919 158.897 112.625 158.897C94.3306 158.897 79.5 173.717 79.5 192C79.5 210.283 94.3306 225.103 112.625 225.103ZM278.25 191.999C278.25 217.595 257.487 238.344 231.875 238.344C206.263 238.344 185.5 217.595 185.5 191.999C185.5 166.404 206.263 145.655 231.875 145.655C257.487 145.655 278.25 166.404 278.25 191.999ZM371 238.346C400.271 238.346 424 214.632 424 185.38C424 156.128 400.271 132.415 371 132.415C341.729 132.415 318 156.128 318 185.38C318 214.632 341.729 238.346 371 238.346ZM39.75 337.655C39.75 348.625 30.8517 357.517 19.875 357.517C8.89834 357.517 0 348.625 0 337.655C0 326.686 8.89834 317.793 19.875 317.793C30.8517 317.793 39.75 326.686 39.75 337.655ZM112.625 370.758C130.919 370.758 145.75 355.937 145.75 337.654C145.75 319.372 130.919 304.551 112.625 304.551C94.3306 304.551 79.5 319.372 79.5 337.654C79.5 355.937 94.3306 370.758 112.625 370.758ZM278.25 337.656C278.25 363.251 257.487 384.001 231.875 384.001C206.263 384.001 185.5 363.251 185.5 337.656C185.5 312.06 206.263 291.311 231.875 291.311C257.487 291.311 278.25 312.06 278.25 337.656ZM371 384C400.271 384 424 360.287 424 331.034C424 301.782 400.271 278.069 371 278.069C341.729 278.069 318 301.782 318 331.034C318 360.287 341.729 384 371 384Z\" fill=\"#008FFF\"\/>\r\n            <\/g>\r\n            <defs>\r\n                <clipPath id=\"clip0_59_24\">\r\n                    <rect width=\"233\" height=\"384\" fill=\"white\"\/>\r\n                <\/clipPath>\r\n            <\/defs>\r\n        <\/svg>\r\n    <\/div>\r\n    <div class=\"container\">\r\n        <!--\r\n       <div class=\"contrainer-title\">\r\n           <h2><\/h2>\r\n       <\/div>\r\n       -->        <div class=\"container-eklo-content\">\r\n            <div class=\"acf-innerblocks-container\">\n\n<h2 class=\"wp-block-heading\">Accessibility<\/h2>\n\n\n\n<ul class=\"wp-block-list\">\n<li>Accessibility to education: research on student parent needs<\/li>\n\n\n\n<li>Universal accessibility<\/li>\n\n\n\n<li>Accessibility of communication<\/li>\n\n\n\n<li>Accessibility of events<\/li>\n<\/ul>\n\n\n\n<h2 class=\"wp-block-heading\">Practical resources on universal accessibility of events:<\/h2>\n\n\n\n<ol start=\"1\" class=\"wp-block-list is-style-list-check\">\n<li><a href=\"https:\/\/www.altergo.ca\/wp-content\/uploads\/2020\/09\/accessibilite_universelle_evenements_altergo_0-1.pdf\" target=\"_blank\" rel=\"noreferrer noopener nofollow\">Accessibilit\u00e9 universelle des \u00e9v\u00e9nements<\/a> [Universal accessibility of events] (produced by AlterGo).<\/li>\n\n\n\n<li><a href=\"https:\/\/www.artsmontreal.org\/app\/uploads\/2022\/02\/guide_evenements_en.pdf\" target=\"_blank\" rel=\"noreferrer noopener nofollow\">Guide for Events \u2013 Best Accessibility and Anti-Ableism Practices<\/a> (produced by the Conseil des arts de Montr\u00e9al).<\/li>\n\n\n\n<li><a href=\"https:\/\/www.canada.ca\/fr\/emploi-developpement-social\/programmes\/invalidite\/cra\/reunions-inclusives.html\" target=\"_blank\" rel=\"noreferrer noopener nofollow\">Guide to Planning Inclusive Meetings<\/a> (produced by Human Resources and Skills Development Canada, also available in PDF format).<\/li>\n<\/ol>\n\n\n\n<h2 class=\"wp-block-heading\">Unconscious bias<\/h2>\n\n\n\n<ul class=\"wp-block-list\">\n<li>Workshop on the impact of bias in decision making.<\/li>\n<\/ul>\n\n\n\n<h2 class=\"wp-block-heading\">Ableism and disability<\/h2>\n\n\n\n<ul class=\"wp-block-list\">\n<li>Podcasts: R\u00e9fl\u00e9chir l\u2019inclusion (CRISPESH).<\/li>\n\n\n\n<li>Good practices for promoting the inclusion of persons with disabilities.<\/li>\n\n\n\n<li>Video: Pourquoi est-ce important de parler du handicap?<\/li>\n\n\n\n<li>Videos to help deconstruct the notion of ableism.<\/li>\n\n\n\n<li>Tools for welcoming students with disabilities.<\/li>\n<\/ul>\n\n\n\n<h2 class=\"wp-block-heading\">Sexual diversity and gender plurality<\/h2>\n\n\n\n<ul class=\"wp-block-list\">\n<li>Good practices for promoting the inclusion of trans and non-binary individuals.<\/li>\n\n\n\n<li>Conference on managing sexual diversity in the workplace.<\/li>\n\n\n\n<li>Studies and references on youth who are trans, non-binary or questioning their gender identity.<\/li>\n\n\n\n<li>Timeline of LGBTQ+ rights and struggles in Qu\u00e9bec.<\/li>\n<\/ul>\n\n\n\n<h2 class=\"wp-block-heading\">Racism<\/h2>\n\n\n\n<ul class=\"wp-block-list\">\n<li>Reflection paper on the notion of systemic racism.<\/li>\n\n\n\n<li>A guide to anti-racist organizational changes in an academic context.<\/li>\n<\/ul>\n\n\n\n<h2 class=\"wp-block-heading\">Indigenous realities<\/h2>\n\n\n\n<ul class=\"wp-block-list\">\n<li>Podcasts, films and other cultural content to learn about the history of the First Peoples.<\/li>\n\n\n\n<li>Indigenous communities in Qu\u00e9bec.<\/li>\n\n\n\n<li>Deconstructing myths about Indigenous peoples.<\/li>\n\n\n\n<li>2021 National Building Reconciliation Forum.<\/li>\n\n\n\n<li>Fact sheet on territorial recognition in a Qu\u00e9bec university context (RIQEDI).<\/li>\n\n\n\n<li>Tools to better understand Indigenous communities.<\/li>\n\n\n\n<li>Tools to end bias and discrimination.<\/li>\n<\/ul>\n\n\n\n<h2 class=\"wp-block-heading\">Inclusive recruitment and combating discrimination in employment<\/h2>\n\n\n\n<ul class=\"wp-block-list\">\n<li>Comic strips explaining discrimination.<\/li>\n\n\n\n<li>Guide on best practices in university recruitment.<\/li>\n\n\n\n<li>Tools for recruitment without discrimination.<\/li>\n\n\n\n<li>Testing results: measuring discrimination experienced by racialized minorities in the recruitment process.<\/li>\n<\/ul>\n\n\n\n<h2 class=\"wp-block-heading\">Inclusive writing<\/h2>\n\n\n\n<ul class=\"wp-block-list\">\n<li>Video on feminist and inclusive writing (IREF).<\/li>\n<\/ul>\n\n\n\n<h2 class=\"wp-block-heading\">Sexual violence<\/h2>\n\n\n\n<ul class=\"wp-block-list\">\n<li>Training sessions on preventing and combatting sexual violence.<\/li>\n\n\n\n<li>Awareness tools on sexual violence.<\/li>\n\n\n\n<li>Survey results on gender-based and sexual violence in higher education.<\/li>\n<\/ul>\n\n<\/div>\r\n        <\/div>\r\n    <\/div>\r\n    <div class=\"border-container\"><\/div>\r\n<\/section>\r\n\r\n","protected":false},"excerpt":{"rendered":"<p>Below are examples of good practices related to equity, diversity and inclusion (EDI), as well as tools for reflecting on your current practices. These resources are grouped into broad themes for easier consultation. Specific documents for researchers are also available...<br \/><a href=\"https:\/\/guide.cophan.org\/en\/resources-and-tools\/good-practices-and-tools\/\" class=\"btn\">Read more <span class=\"sr-only\">about Good practices and tools<\/span><\/a><\/p>","protected":false},"author":1,"featured_media":0,"parent":1291,"menu_order":1,"comment_status":"closed","ping_status":"closed","template":"","meta":{"_acf_changed":false,"footnotes":""},"class_list":["post-1299","page","type-page","status-publish","hentry"],"acf":[],"yoast_head":"<!-- This site is optimized with the Yoast SEO plugin v26.2 - https:\/\/yoast.com\/wordpress\/plugins\/seo\/ -->\n<title>Good practices and tools - Universal Accessibility Guide<\/title>\n<meta name=\"robots\" content=\"index, follow, max-snippet:-1, max-image-preview:large, max-video-preview:-1\" \/>\n<link rel=\"canonical\" href=\"https:\/\/guide.cophan.org\/en\/resources-and-tools\/good-practices-and-tools\/\" \/>\n<meta property=\"og:locale\" content=\"en_US\" \/>\n<meta property=\"og:type\" content=\"article\" \/>\n<meta property=\"og:title\" content=\"Good practices and tools - Universal Accessibility Guide\" \/>\n<meta property=\"og:url\" content=\"https:\/\/guide.cophan.org\/en\/resources-and-tools\/good-practices-and-tools\/\" \/>\n<meta property=\"og:site_name\" content=\"Universal Accessibility Guide\" \/>\n<meta property=\"article:publisher\" content=\"https:\/\/www.facebook.com\/cophanqc\/\" \/>\n<meta property=\"article:modified_time\" content=\"2025-07-04T15:36:51+00:00\" \/>\n<meta name=\"twitter:card\" content=\"summary_large_image\" \/>\n<meta name=\"twitter:label1\" content=\"Est. reading time\" \/>\n\t<meta name=\"twitter:data1\" content=\"2 minutes\" \/>\n<script type=\"application\/ld+json\" class=\"yoast-schema-graph\">{\"@context\":\"https:\/\/schema.org\",\"@graph\":[{\"@type\":\"WebPage\",\"@id\":\"https:\/\/guide.cophan.org\/en\/resources-and-tools\/good-practices-and-tools\/\",\"url\":\"https:\/\/guide.cophan.org\/en\/resources-and-tools\/good-practices-and-tools\/\",\"name\":\"Good practices and tools - Universal Accessibility Guide\",\"isPartOf\":{\"@id\":\"https:\/\/guide.cophan.org\/en\/#website\"},\"datePublished\":\"2025-04-11T15:22:02+00:00\",\"dateModified\":\"2025-07-04T15:36:51+00:00\",\"breadcrumb\":{\"@id\":\"https:\/\/guide.cophan.org\/en\/resources-and-tools\/good-practices-and-tools\/#breadcrumb\"},\"inLanguage\":\"en-US\",\"potentialAction\":[{\"@type\":\"ReadAction\",\"target\":[\"https:\/\/guide.cophan.org\/en\/resources-and-tools\/good-practices-and-tools\/\"]}]},{\"@type\":\"BreadcrumbList\",\"@id\":\"https:\/\/guide.cophan.org\/en\/resources-and-tools\/good-practices-and-tools\/#breadcrumb\",\"itemListElement\":[{\"@type\":\"ListItem\",\"position\":1,\"name\":\"accueil\",\"item\":\"https:\/\/guide.cophan.org\/en\/\"},{\"@type\":\"ListItem\",\"position\":2,\"name\":\"Resources and tools\",\"item\":\"https:\/\/guide.cophan.org\/en\/resources-and-tools\/\"},{\"@type\":\"ListItem\",\"position\":3,\"name\":\"Good practices and tools\"}]},{\"@type\":\"WebSite\",\"@id\":\"https:\/\/guide.cophan.org\/en\/#website\",\"url\":\"https:\/\/guide.cophan.org\/en\/\",\"name\":\"Guide sur l'Accessibilit\u00e9 Universelle\",\"description\":\"COPHAN\",\"publisher\":{\"@id\":\"https:\/\/guide.cophan.org\/en\/#organization\"},\"potentialAction\":[{\"@type\":\"SearchAction\",\"target\":{\"@type\":\"EntryPoint\",\"urlTemplate\":\"https:\/\/guide.cophan.org\/en\/?s={search_term_string}\"},\"query-input\":{\"@type\":\"PropertyValueSpecification\",\"valueRequired\":true,\"valueName\":\"search_term_string\"}}],\"inLanguage\":\"en-US\"},{\"@type\":\"Organization\",\"@id\":\"https:\/\/guide.cophan.org\/en\/#organization\",\"name\":\"COPHAN\",\"url\":\"https:\/\/guide.cophan.org\/en\/\",\"logo\":{\"@type\":\"ImageObject\",\"inLanguage\":\"en-US\",\"@id\":\"https:\/\/guide.cophan.org\/en\/#\/schema\/logo\/image\/\",\"url\":\"https:\/\/guide.cophan.org\/wp-content\/uploads\/2025\/04\/cover-mockup-blue.png\",\"contentUrl\":\"https:\/\/guide.cophan.org\/wp-content\/uploads\/2025\/04\/cover-mockup-blue.png\",\"width\":1200,\"height\":1119,\"caption\":\"COPHAN\"},\"image\":{\"@id\":\"https:\/\/guide.cophan.org\/en\/#\/schema\/logo\/image\/\"},\"sameAs\":[\"https:\/\/www.facebook.com\/cophanqc\/\"]}]}<\/script>\n<!-- \/ Yoast SEO plugin. -->","yoast_head_json":{"title":"Good practices and tools - Universal Accessibility Guide","robots":{"index":"index","follow":"follow","max-snippet":"max-snippet:-1","max-image-preview":"max-image-preview:large","max-video-preview":"max-video-preview:-1"},"canonical":"https:\/\/guide.cophan.org\/en\/resources-and-tools\/good-practices-and-tools\/","og_locale":"en_US","og_type":"article","og_title":"Good practices and tools - Universal Accessibility Guide","og_url":"https:\/\/guide.cophan.org\/en\/resources-and-tools\/good-practices-and-tools\/","og_site_name":"Universal Accessibility Guide","article_publisher":"https:\/\/www.facebook.com\/cophanqc\/","article_modified_time":"2025-07-04T15:36:51+00:00","twitter_card":"summary_large_image","twitter_misc":{"Est. reading time":"2 minutes"},"schema":{"@context":"https:\/\/schema.org","@graph":[{"@type":"WebPage","@id":"https:\/\/guide.cophan.org\/en\/resources-and-tools\/good-practices-and-tools\/","url":"https:\/\/guide.cophan.org\/en\/resources-and-tools\/good-practices-and-tools\/","name":"Good practices and tools - Universal Accessibility Guide","isPartOf":{"@id":"https:\/\/guide.cophan.org\/en\/#website"},"datePublished":"2025-04-11T15:22:02+00:00","dateModified":"2025-07-04T15:36:51+00:00","breadcrumb":{"@id":"https:\/\/guide.cophan.org\/en\/resources-and-tools\/good-practices-and-tools\/#breadcrumb"},"inLanguage":"en-US","potentialAction":[{"@type":"ReadAction","target":["https:\/\/guide.cophan.org\/en\/resources-and-tools\/good-practices-and-tools\/"]}]},{"@type":"BreadcrumbList","@id":"https:\/\/guide.cophan.org\/en\/resources-and-tools\/good-practices-and-tools\/#breadcrumb","itemListElement":[{"@type":"ListItem","position":1,"name":"accueil","item":"https:\/\/guide.cophan.org\/en\/"},{"@type":"ListItem","position":2,"name":"Resources and tools","item":"https:\/\/guide.cophan.org\/en\/resources-and-tools\/"},{"@type":"ListItem","position":3,"name":"Good practices and tools"}]},{"@type":"WebSite","@id":"https:\/\/guide.cophan.org\/en\/#website","url":"https:\/\/guide.cophan.org\/en\/","name":"Guide sur l'Accessibilit\u00e9 Universelle","description":"COPHAN","publisher":{"@id":"https:\/\/guide.cophan.org\/en\/#organization"},"potentialAction":[{"@type":"SearchAction","target":{"@type":"EntryPoint","urlTemplate":"https:\/\/guide.cophan.org\/en\/?s={search_term_string}"},"query-input":{"@type":"PropertyValueSpecification","valueRequired":true,"valueName":"search_term_string"}}],"inLanguage":"en-US"},{"@type":"Organization","@id":"https:\/\/guide.cophan.org\/en\/#organization","name":"COPHAN","url":"https:\/\/guide.cophan.org\/en\/","logo":{"@type":"ImageObject","inLanguage":"en-US","@id":"https:\/\/guide.cophan.org\/en\/#\/schema\/logo\/image\/","url":"https:\/\/guide.cophan.org\/wp-content\/uploads\/2025\/04\/cover-mockup-blue.png","contentUrl":"https:\/\/guide.cophan.org\/wp-content\/uploads\/2025\/04\/cover-mockup-blue.png","width":1200,"height":1119,"caption":"COPHAN"},"image":{"@id":"https:\/\/guide.cophan.org\/en\/#\/schema\/logo\/image\/"},"sameAs":["https:\/\/www.facebook.com\/cophanqc\/"]}]}},"_links":{"self":[{"href":"https:\/\/guide.cophan.org\/en\/wp-json\/wp\/v2\/pages\/1299","targetHints":{"allow":["GET"]}}],"collection":[{"href":"https:\/\/guide.cophan.org\/en\/wp-json\/wp\/v2\/pages"}],"about":[{"href":"https:\/\/guide.cophan.org\/en\/wp-json\/wp\/v2\/types\/page"}],"author":[{"embeddable":true,"href":"https:\/\/guide.cophan.org\/en\/wp-json\/wp\/v2\/users\/1"}],"replies":[{"embeddable":true,"href":"https:\/\/guide.cophan.org\/en\/wp-json\/wp\/v2\/comments?post=1299"}],"version-history":[{"count":2,"href":"https:\/\/guide.cophan.org\/en\/wp-json\/wp\/v2\/pages\/1299\/revisions"}],"predecessor-version":[{"id":1301,"href":"https:\/\/guide.cophan.org\/en\/wp-json\/wp\/v2\/pages\/1299\/revisions\/1301"}],"up":[{"embeddable":true,"href":"https:\/\/guide.cophan.org\/en\/wp-json\/wp\/v2\/pages\/1291"}],"wp:attachment":[{"href":"https:\/\/guide.cophan.org\/en\/wp-json\/wp\/v2\/media?parent=1299"}],"curies":[{"name":"wp","href":"https:\/\/api.w.org\/{rel}","templated":true}]}}